{"id":7,"date":"2015-12-18T20:47:45","date_gmt":"2015-12-18T20:47:45","guid":{"rendered":"http:\/\/annaszkoda.com\/?page_id=7"},"modified":"2024-01-13T10:45:34","modified_gmt":"2024-01-13T10:45:34","slug":"about","status":"publish","type":"page","link":"https:\/\/annaszkoda.com\/","title":{"rendered":"ABOUT"},"content":{"rendered":"<p><a href=\"https:\/\/www.instagram.com\/anna.szkoda\/\">@anna.szkoda<\/a><\/p>\n<p>born 1982 in Tychy, Poland<br \/>lives and works in Berlin, Germany<\/p>\n<p>E D U C A T I O N<br \/>Ostkreuzschule f\u00fcr Fotografie, Berlin<br \/>Under Prof. Ute Mahler, Werner Mahler, Prof. Linn Schr\u00f6der and Sibylle Fendt. Graduation class 2019 of Ludwig Rauch.<\/p>\n<p>Diploma in Sociology, University of Leipzig<\/p>\n<p><strong>N E W S <\/strong><\/p>\n<p>Current exhibitions: Sirius | Taylor Wessing | until 03.2024 | Paris<\/p>\n<p>Coming soon: FOCUS Episode at <a href=\"https:\/\/fisheyemagazine.fr\/en\/\">Fisheye Magazine<\/a><\/p>\n<hr \/>\n<p><strong>E X H I B I T I O N S<br \/><\/strong><\/p>\n<p>2023: Sirius | H\u00f4tel Fontfreyde, Clermont Ferrand<\/p>\n<p>2023: Sirius | Festival Circulation(s) | Paris<\/p>\n<p>2022: Sirius | Fotohaus PARISBERLIN | Les Rencontres d&#8217;Arles, Arles<\/p>\n<p>2021: Sirius | Les Tisseurs d&#8217;Images &#8211; Influences Allemandes, Angers<\/p>\n<p>2020: No choice but future | 35. Jubil\u00e4um | Fotogalerie Friedrichshain, Berlin<\/p>\n<p>2020: Sirius | D\u00fcsseldorf Photo +, Walzwerk Null, D\u00fcsseldorf<\/p>\n<p>2020: Dreizehn | Schloss Wiligrad, Schwerin<\/p>\n<p>2019: Dreizehn | Graduation Show Ostkreuzschule | Reinbeckhallen, Berlin<\/p>\n<p>\u20282019: Distant Islands | Willy-Brandt-Haus, Berlin\u2028<\/p>\n<p>2019: No choice but future | Galerie Grosskind, N\u00fcrnberg\u2028<\/p>\n<p>2019: Distant Islands | Friedrich Ebert Stiftung, Hamburg<\/p>\n<p>\u20282018: Distant Islands | 7th Triennial of Photography | Container at Deichtorhallen, Hamburg<\/p>\n<p>\u20282018: Retrospektive einer Zusammenarbeit | Kunststiftung des Landes Sachsen-Anhalt | Halle\u2028<\/p>\n<p>2018: Distant Islands | Photographs on Brexit | LAF Kunstverein, Pforzheim<\/p>\n<p>\u20282018: Distant Islands | Fotogalerie Friedrichshain, Berlin\u2028<\/p>\n<p>2018: Photographic perspectives on Brexit | Goethe Institute, London\u2028<\/p>\n<p>2018: Pink Sisters | GIZ Representation, Brussels\u2028<\/p>\n<p>2017: Fotografien zum Brexit | Stemmler Stiftung, Berlin<\/p>\n<p>\u20282017: Pink Sisters | GIZ Representation, Berlin\u2028<\/p>\n<p>2017: 100 Jahre Revolutionen | Galerie Sprechsaal, Berlin<\/p>\n<p>\u20282017: Jahresausstellung Burg Giebichenstein, Halle<\/p>\n<p>\u20282017: Haltmachen | ORi, Berlin\u2028<\/p>\n<p>2017: Kl\u00f6\u00dfe und Rouladen | OKS School Exhibition, Berlin\u2028<\/p>\n<p>2016: Ein Bild | Panke Gallery, Berlin<\/p>\n<p><strong>P U B L I C A T I O N S \/ C L I E N T S<\/strong><\/p>\n<p>art &#8211; das Magazin, Goethe Institut London, Stiftung Preu\u00dfischer Kulturbesitz, anschl\u00e4ge.de, Grisebach, Photonews &#8211; Zeitung f\u00fcr Fotografie, monopol, ZEIT Magazin online, Hanser Literatur Verlag, Burg Giebichenstein &#8211; University of Art and Design, ZEIT Campus, Stern Crime, ROM Gesellschaftsmagazin, Brennpunkt, Brides, GIZ Gesellschaft f\u00fcr internationale Zusammenarbeit, Neues Deutschland, glew, OKS Bilderzeitung, renk. Magazin,\u00a0 S A V V Y\u00a0 Contemporary, Vogue Italy, Friedrich Ebert Stiftung, Capital, Der Tagesspiegel, Frankfurter Rundschau, Berliner Zeitung, jetzt.de , FinanceFWD, Fisheye Magazine, S\u00fcddeutsche Zeitung &#8211;\u00a0 among other<\/p>\n<p><strong>B O O K S<\/strong><\/p>\n<p>2023: Sirius. Self published. 2. Edition<\/p>\n<p>2019: Sirius. Self published. 1. Edition<br \/>2019: No choice but future. edition grosskind #04, 1. Edition ISBN 978-3-942953-61-0<\/p>\n<p><strong>G R A N T S<\/strong><\/p>\n<p>2019: PHmuseum 2019 Women Photography Grant |<\/p>\n<p>Solo Show at Fotografia Europea 2020<\/p>\n<p><span style=\"color: #999999;\">All images \u00a9 2024 Anna Szkoda \/\/ <a style=\"color: #999999;\" href=\"https:\/\/annaszkoda.com\/?page_id=368\">Impressum<\/a><\/span><\/p>\n\n\n<p><\/p>\n","protected":false},"excerpt":{"rendered":"<p>@anna.szkoda born 1982 in Tychy, Polandlives and works in Berlin, Germany E D U C A T I O NOstkreuzschule f\u00fcr Fotografie, BerlinUnder Prof. Ute Mahler, Werner Mahler, Prof. Linn Schr\u00f6der and Sibylle Fendt. Graduation class 2019 of Ludwig Rauch. Diploma in Sociology, University of Leipzig N E W S Current exhibitions: Sirius | Taylor&hellip;<\/p>\n","protected":false},"author":1,"featured_media":1036,"parent":0,"menu_order":0,"comment_status":"closed","ping_status":"closed","template":"","meta":{"footnotes":""},"_links":{"self":[{"href":"https:\/\/annaszkoda.com\/index.php?rest_route=\/wp\/v2\/pages\/7"}],"collection":[{"href":"https:\/\/annaszkoda.com\/index.php?rest_route=\/wp\/v2\/pages"}],"about":[{"href":"https:\/\/annaszkoda.com\/index.php?rest_route=\/wp\/v2\/types\/page"}],"author":[{"embeddable":true,"href":"https:\/\/annaszkoda.com\/index.php?rest_route=\/wp\/v2\/users\/1"}],"replies":[{"embeddable":true,"href":"https:\/\/annaszkoda.com\/index.php?rest_route=%2Fwp%2Fv2%2Fcomments&post=7"}],"version-history":[{"count":274,"href":"https:\/\/annaszkoda.com\/index.php?rest_route=\/wp\/v2\/pages\/7\/revisions"}],"predecessor-version":[{"id":1479,"href":"https:\/\/annaszkoda.com\/index.php?rest_route=\/wp\/v2\/pages\/7\/revisions\/1479"}],"wp:featuredmedia":[{"embeddable":true,"href":"https:\/\/annaszkoda.com\/index.php?rest_route=\/wp\/v2\/media\/1036"}],"wp:attachment":[{"href":"https:\/\/annaszkoda.com\/index.php?rest_route=%2Fwp%2Fv2%2Fmedia&parent=7"}],"curies":[{"name":"wp","href":"https:\/\/api.w.org\/{rel}","templated":true}]}}